{"id":418,"date":"2020-01-14T05:16:02","date_gmt":"2020-01-14T05:16:02","guid":{"rendered":"http:\/\/atctributos.com.py\/v1\/?page_id=418"},"modified":"2025-01-31T01:14:31","modified_gmt":"2025-01-31T01:14:31","slug":"info-box-3","status":"publish","type":"page","link":"https:\/\/www.atctributos.com.py\/v1\/?page_id=418","title":{"rendered":"Servicios"},"content":{"rendered":"\t\t<div data-elementor-type=\"wp-page\" data-elementor-id=\"418\" class=\"elementor elementor-418\">\n\t\t\t\t\t\t\t\t\t<section class=\"elementor-section elementor-top-section elementor-element elementor-element-27d94e4 elementor-section-stretched elementor-section-full_width responsive-991-1199 elementor-section-height-default elementor-section-height-default\" data-id=\"27d94e4\" data-element_type=\"section\" data-settings=\"{&quot;stretch_section&quot;:&quot;section-stretched&quot;}\">\n\t\t\t\t\t\t<div class=\"elementor-container elementor-column-gap-default\">\n\t\t\t\t\t<div class=\"elementor-column elementor-col-20 elementor-top-column elementor-element elementor-element-5476cce\" data-id=\"5476cce\" data-element_type=\"column\">\n\t\t\t<div class=\"elementor-widget-wrap elementor-element-populated\">\n\t\t\t\t\t\t\t\t<div class=\"elementor-element elementor-element-a9eccdb elementor-widget elementor-widget-rt-info-box\" data-id=\"a9eccdb\" data-element_type=\"widget\" data-widget_type=\"rt-info-box.default\">\n\t\t\t\t<div class=\"elementor-widget-container\">\n\t\t\t<div class=\"has-animation\">\n\t<div class=\"translate-left-10 opacity-animation transition-100 transition-delay-100\">\n\t\t<div class=\"info-box-default info-box-style3\">\n\t\t\t<div class=\"rtin-item rtin-icon\">\n\t\t\t\t<div class=\"rtin-media\">\n\t\t\t\t\t<div class=\"rtin-icon\">\t\t\t\n\t\t\t\t\t\t \t\n\t\t\t\t\t\t\t\t\t\t\t\t\t<i class=\"fas fa-chalkboard-teacher\"><\/i>\n\t\t\t\t\t\t\t\t\t\t\t\t\t\t\t\t\t<\/div>\n\t\t\t\t<\/div>\n\t\t\t\t<div class=\"rtin-content\">\n\t\t\t\t\t\t\t\t\t\t<h3 class=\"rtin-title\">AUDITOR\u00cdAS EXTERNAS INDEPENDIENTES<\/h3>\n\t\t\t\t\t\t\t\t\t\t<div class=\"rtin-text\"><p>Auditorias Impositivas Resoluci\u00f3n N\u00b0 29\/2014 y 30\/2019 de la DNIT a empresas con cualquier nivel de facturaci\u00f3n.<br \/>Auditorias para el examen de la situaci\u00f3n patrimonial y financiera reguladas por el INCOOP.<br \/>Auditorias de Cumplimiento para Sujetos Obligados ante la SEPRELAD.<\/p><\/div>\n\t\t\t\t\t\t\t\t\t\t\t\t\t\t<\/div>\n\t\t\t<\/div>\n\t\t<\/div>\n\t<\/div>\n<\/div>\t\t<\/div>\n\t\t\t\t<\/div>\n\t\t\t\t<div class=\"elementor-element elementor-element-99a5556 elementor-widget elementor-widget-rt-info-box\" data-id=\"99a5556\" data-element_type=\"widget\" data-widget_type=\"rt-info-box.default\">\n\t\t\t\t<div class=\"elementor-widget-container\">\n\t\t\t<div class=\"has-animation\">\n\t<div class=\"translate-left-10 opacity-animation transition-100 transition-delay-100\">\n\t\t<div class=\"info-box-default info-box-style3\">\n\t\t\t<div class=\"rtin-item rtin-icon\">\n\t\t\t\t<div class=\"rtin-media\">\n\t\t\t\t\t<div class=\"rtin-icon\">\t\t\t\n\t\t\t\t\t\t \t\n\t\t\t\t\t\t\t\t\t\t\t\t\t<i class=\"fas fa-users\"><\/i>\n\t\t\t\t\t\t\t\t\t\t\t\t\t\t\t\t\t<\/div>\n\t\t\t\t<\/div>\n\t\t\t\t<div class=\"rtin-content\">\n\t\t\t\t\t\t\t\t\t\t<h3 class=\"rtin-title\"><a href=\"#\">BENEFICIOS PARA EL CLIENTE<\/a><\/h3>\n\t\t\t\t\t\t\t\t\t\t<div class=\"rtin-text\"><ul><li>Mayor enfoque del cliente a sus metas\/objetivos<\/li><li>Control sobre el proceso de las operaciones.<\/li><li>Obtenci\u00f3n de los objetivos y resultados deseados<\/li><li>Atenci\u00f3n a las necesidades y problemas espec\u00edficos<\/li><li>Adecuaci\u00f3n a normas y leyes vigentes<\/li><\/ul><\/div>\n\t\t\t\t\t\t\t\t\t\t\t\t\t\t<\/div>\n\t\t\t<\/div>\n\t\t<\/div>\n\t<\/div>\n<\/div>\t\t<\/div>\n\t\t\t\t<\/div>\n\t\t\t\t\t<\/div>\n\t\t<\/div>\n\t\t\t\t<div class=\"elementor-column elementor-col-20 elementor-top-column elementor-element elementor-element-8a508c1\" data-id=\"8a508c1\" data-element_type=\"column\">\n\t\t\t<div class=\"elementor-widget-wrap elementor-element-populated\">\n\t\t\t\t\t\t\t\t<div class=\"elementor-element elementor-element-ac153ba elementor-widget elementor-widget-rt-info-box\" data-id=\"ac153ba\" data-element_type=\"widget\" data-widget_type=\"rt-info-box.default\">\n\t\t\t\t<div class=\"elementor-widget-container\">\n\t\t\t<div class=\"has-animation\">\n\t<div class=\"translate-left-10 opacity-animation transition-100 transition-delay-400\">\n\t\t<div class=\"info-box-default info-box-style3\">\n\t\t\t<div class=\"rtin-item rtin-icon\">\n\t\t\t\t<div class=\"rtin-media\">\n\t\t\t\t\t<div class=\"rtin-icon\">\t\t\t\n\t\t\t\t\t\t \t\n\t\t\t\t\t\t\t\t\t\t\t\t\t<i class=\"fas fa-hotel\"><\/i>\n\t\t\t\t\t\t\t\t\t\t\t\t\t\t\t\t\t<\/div>\n\t\t\t\t<\/div>\n\t\t\t\t<div class=\"rtin-content\">\n\t\t\t\t\t\t\t\t\t\t<h3 class=\"rtin-title\"><a href=\"#\">DISE\u00d1O ORGANIZACIONAL<\/a><\/h3>\n\t\t\t\t\t\t\t\t\t\t<div class=\"rtin-text\"><p>Dise\u00f1o de la estructura organizacional que les permita el \u00e9xito en el desempe\u00f1o operativo, con total claridad de sus<br \/>funciones y responsabilidades. Definici\u00f3n y delimitaci\u00f3n de las \u00e1reas deseables de la organizaci\u00f3n y elaboraci\u00f3n de organigrama.<\/p><p><strong>MANUALES DE FUNCIONES:<\/strong> definir las un esquema de asignaci\u00f3n de funciones junto con una precisa delimitaci\u00f3n de las l\u00edneas de autoridad y<br \/>responsabilidad, sin dejar de tener en cuenta que el engranaje que crea todo este movimiento es el hombre.<\/p><p><strong>MANUALES DE PROCEDIMIENTOS:<\/strong> definici\u00f3n y elaboraci\u00f3n de todos los flujos de procesos, normas y procedimientos de trabajo dentro de la organizaci\u00f3n.<\/p><\/div>\n\t\t\t\t\t\t\t\t\t\t\t\t\t\t<\/div>\n\t\t\t<\/div>\n\t\t<\/div>\n\t<\/div>\n<\/div>\t\t<\/div>\n\t\t\t\t<\/div>\n\t\t\t\t\t<\/div>\n\t\t<\/div>\n\t\t\t\t<div class=\"elementor-column elementor-col-20 elementor-top-column elementor-element elementor-element-82cd315\" data-id=\"82cd315\" data-element_type=\"column\">\n\t\t\t<div class=\"elementor-widget-wrap elementor-element-populated\">\n\t\t\t\t\t\t\t\t<div class=\"elementor-element elementor-element-0a73e61 elementor-widget elementor-widget-rt-info-box\" data-id=\"0a73e61\" data-element_type=\"widget\" data-widget_type=\"rt-info-box.default\">\n\t\t\t\t<div class=\"elementor-widget-container\">\n\t\t\t<div class=\"has-animation\">\n\t<div class=\"translate-left-10 opacity-animation transition-100 transition-delay-700\">\n\t\t<div class=\"info-box-default info-box-style3\">\n\t\t\t<div class=\"rtin-item rtin-icon\">\n\t\t\t\t<div class=\"rtin-media\">\n\t\t\t\t\t<div class=\"rtin-icon\">\t\t\t\n\t\t\t\t\t\t \t\n\t\t\t\t\t\t\t\t\t\t\t\t\t<i class=\"far fa-money-bill-alt\"><\/i>\n\t\t\t\t\t\t\t\t\t\t\t\t\t\t\t\t\t<\/div>\n\t\t\t\t<\/div>\n\t\t\t\t<div class=\"rtin-content\">\n\t\t\t\t\t\t\t\t\t\t<h3 class=\"rtin-title\"><a href=\"#\">PREVENCI\u00d3N LAVADO DE DINERO Y FINANCIAMIENTO DEL TERRORISMO<\/a><\/h3>\n\t\t\t\t\t\t\t\t\t\t<div class=\"rtin-text\"><ul><li>Proveer servicios profesionales en materia de Prevenci\u00f3n de Lavado de Activos y Financiamiento del Terrorismo (PLD y FT), especialmente a instituciones financieras, cooperativas, sujetos obligados en general.<\/li><li>Nuestros conocimientos, valores y experiencia nos permiten brindar soluciones reales y con los m\u00e1s altos est\u00e1ndares de calidad.<\/li><li>Elaboraci\u00f3n de Manuales de PLA y FT.<\/li><li>C\u00f3digo de \u00c9tica y Conducta<br \/>Evaluaci\u00f3n de Procedimientos de Control Interno.<\/li><li>Autoevaluaci\u00f3n de Riegos de PLA y FT.<\/li><li>Implementaci\u00f3n de la Unidad de Cumplimiento Comit\u00e9 de Cumplimiento.<\/li><li>Gesti\u00f3n para el acceso al aplicativo ROS_WEB.<\/li><li>Carga de Datos en el Sistema de Reporte de Operaciones \u2013 SIRO.<\/li><li>Elaboraci\u00f3n de Formularios para Asociados\/Clientes.<\/li><li>Asesoramiento constante al Oficial de Cumplimiento.<\/li><li>Capacitaciones a Directivos y Funcionarios.<\/li><\/ul><\/div>\n\t\t\t\t\t\t\t\t\t\t\t\t\t\t<\/div>\n\t\t\t<\/div>\n\t\t<\/div>\n\t<\/div>\n<\/div>\t\t<\/div>\n\t\t\t\t<\/div>\n\t\t\t\t\t<\/div>\n\t\t<\/div>\n\t\t\t\t<div class=\"elementor-column elementor-col-20 elementor-top-column elementor-element elementor-element-1b35d67\" data-id=\"1b35d67\" data-element_type=\"column\">\n\t\t\t<div class=\"elementor-widget-wrap elementor-element-populated\">\n\t\t\t\t\t\t\t\t<div class=\"elementor-element elementor-element-2d1eaa3 elementor-widget elementor-widget-rt-info-box\" data-id=\"2d1eaa3\" data-element_type=\"widget\" data-widget_type=\"rt-info-box.default\">\n\t\t\t\t<div class=\"elementor-widget-container\">\n\t\t\t<div class=\"has-animation\">\n\t<div class=\"translate-left-10 opacity-animation transition-100 transition-delay-1000\">\n\t\t<div class=\"info-box-default info-box-style3\">\n\t\t\t<div class=\"rtin-item rtin-icon\">\n\t\t\t\t<div class=\"rtin-media\">\n\t\t\t\t\t<div class=\"rtin-icon\">\t\t\t\n\t\t\t\t\t\t \t\n\t\t\t\t\t\t\t\t\t\t\t\t\t<i class=\" flaticon-growth\"><\/i>\n\t\t\t\t\t\t\t\t\t\t\t\t\t\t\t\t\t<\/div>\n\t\t\t\t<\/div>\n\t\t\t\t<div class=\"rtin-content\">\n\t\t\t\t\t\t\t\t\t\t<h3 class=\"rtin-title\"><a href=\"#\">ASESORAMIENTO CONTABLE<\/a><\/h3>\n\t\t\t\t\t\t\t\t\t\t<div class=\"rtin-text\"><ul><li>Asesoramiento y Consultor\u00eda general contable y financiera para sociedades, empresas unipersonales y profesionales.<\/li><li>Dise\u00f1o de plan de cuentas de acuerdo con el Plan General de la Contabilidad aplicable a cada tipo de negocio y las necesidades de cada cliente.<\/li><li>Registraci\u00f3n Contable de acuerdo con los datos facilitados por el cliente.<\/li><li>Confecci\u00f3n de Estados Contables Mensuales, Trimestrales, Anuales, etc.<\/li><li>Legalizaci\u00f3n de los libros oficiales, confecci\u00f3n y presentaci\u00f3n de las Declaraciones Juradas Mensuales y Anuales.<\/li><li>Liquidaci\u00f3n General de haberes, sueldos y jornales.<\/li><li>Liquidaci\u00f3n de Leyes y Cargas Sociales.<\/li><li>Asesoramiento en los Tr\u00e1mites ante la Municipalidad.<\/li><li>Asesoramiento en los tr\u00e1mites ante el Ministerio de Justicia y Trabajo.<\/li><li>Asesoramiento en los tr\u00e1mites ante el Instituto de Previsi\u00f3n Social.<\/li><\/ul><\/div>\n\t\t\t\t\t\t\t\t\t\t\t\t\t\t<\/div>\n\t\t\t<\/div>\n\t\t<\/div>\n\t<\/div>\n<\/div>\t\t<\/div>\n\t\t\t\t<\/div>\n\t\t\t\t\t<\/div>\n\t\t<\/div>\n\t\t\t\t<div class=\"elementor-column elementor-col-20 elementor-top-column elementor-element elementor-element-d04ea8e\" data-id=\"d04ea8e\" data-element_type=\"column\">\n\t\t\t<div class=\"elementor-widget-wrap elementor-element-populated\">\n\t\t\t\t\t\t\t\t<div class=\"elementor-element elementor-element-77bfef3 elementor-widget elementor-widget-rt-info-box\" data-id=\"77bfef3\" data-element_type=\"widget\" data-widget_type=\"rt-info-box.default\">\n\t\t\t\t<div class=\"elementor-widget-container\">\n\t\t\t<div class=\"has-animation\">\n\t<div class=\"translate-left-10 opacity-animation transition-100 transition-delay-1300\">\n\t\t<div class=\"info-box-default info-box-style3\">\n\t\t\t<div class=\"rtin-item rtin-icon\">\n\t\t\t\t<div class=\"rtin-media\">\n\t\t\t\t\t<div class=\"rtin-icon\">\t\t\t\n\t\t\t\t\t\t \t\n\t\t\t\t\t\t\t\t\t\t\t\t\t<i class=\" flaticon-support\"><\/i>\n\t\t\t\t\t\t\t\t\t\t\t\t\t\t\t\t\t<\/div>\n\t\t\t\t<\/div>\n\t\t\t\t<div class=\"rtin-content\">\n\t\t\t\t\t\t\t\t\t\t<h3 class=\"rtin-title\"><a href=\"#\">ASESORAMIENTO TRIBUTARIO<\/a><\/h3>\n\t\t\t\t\t\t\t\t\t\t<div class=\"rtin-text\"><p>En un entorno de constantes cambios en materia fiscal, la asesor\u00eda oportuna es una herramienta indispensable para cualquier tipo de empresas.<br \/>El cumplimiento de las obligaciones fiscales de las empresas, es un aspecto que ning\u00fan administrador o director de empresa puede darse el lujo de pasar por alto. Errores, en la determinaci\u00f3n, en el pago, o la interpretaci\u00f3n del esquema fiscal aplicable, pueden resultar en contingencias econ\u00f3micas importantes, y que si no son atendidas a<br \/>tiempo pueden traducirse en problemas de \u00edndole legal para la empresa y para sus accionistas.<\/p><p>Tramitaci\u00f3n ante la Administraci\u00f3n Tributaria para obtener:<\/p><ul><li>Registro \u00danico de Contribuyentes.<\/li><li>Certificado de Cumplimiento Tributario.<\/li><li>Estados de Cuenta del Contribuyente.<\/li><li>Constancia de No Retenci\u00f3n de Impuestos.<\/li><li>Cambio de Informaci\u00f3n del Contribuyente.<\/li><li>Negociaci\u00f3n de acuerdos con las autoridades de la Administraci\u00f3n.<\/li><li>Tributaria para el pago de impuestos adeudados.<\/li><li>Seguimiento de expedientes hasta la obtenci\u00f3n de respuesta.<\/li><\/ul><\/div>\n\t\t\t\t\t\t\t\t\t\t\t\t\t\t<\/div>\n\t\t\t<\/div>\n\t\t<\/div>\n\t<\/div>\n<\/div>\t\t<\/div>\n\t\t\t\t<\/div>\n\t\t\t\t\t<\/div>\n\t\t<\/div>\n\t\t\t\t\t\t\t<\/div>\n\t\t<\/section>\n\t\t\t\t\t\t\t<\/div>\n\t\t","protected":false},"excerpt":{"rendered":"<p>AUDITOR\u00cdAS EXTERNAS INDEPENDIENTES Auditorias Impositivas Resoluci\u00f3n N\u00b0 29\/2014 y 30\/2019 de la DNIT a empresas con cualquier nivel de facturaci\u00f3n.Auditorias para el examen de la situaci\u00f3n patrimonial y financiera reguladas por el INCOOP.Auditorias de Cumplimiento para Sujetos Obligados ante la SEPRELAD. BENEFICIOS PARA EL CLIENTE Mayor enfoque del cliente a sus metas\/objetivos Control sobre el [&hellip;]<\/p>\n","protected":false},"author":1,"featured_media":0,"parent":0,"menu_order":0,"comment_status":"closed","ping_status":"closed","template":"","meta":{"footnotes":""},"_links":{"self":[{"href":"https:\/\/www.atctributos.com.py\/v1\/index.php?rest_route=\/wp\/v2\/pages\/418"}],"collection":[{"href":"https:\/\/www.atctributos.com.py\/v1\/index.php?rest_route=\/wp\/v2\/pages"}],"about":[{"href":"https:\/\/www.atctributos.com.py\/v1\/index.php?rest_route=\/wp\/v2\/types\/page"}],"author":[{"embeddable":true,"href":"https:\/\/www.atctributos.com.py\/v1\/index.php?rest_route=\/wp\/v2\/users\/1"}],"replies":[{"embeddable":true,"href":"https:\/\/www.atctributos.com.py\/v1\/index.php?rest_route=%2Fwp%2Fv2%2Fcomments&post=418"}],"version-history":[{"count":49,"href":"https:\/\/www.atctributos.com.py\/v1\/index.php?rest_route=\/wp\/v2\/pages\/418\/revisions"}],"predecessor-version":[{"id":5019,"href":"https:\/\/www.atctributos.com.py\/v1\/index.php?rest_route=\/wp\/v2\/pages\/418\/revisions\/5019"}],"wp:attachment":[{"href":"https:\/\/www.atctributos.com.py\/v1\/index.php?rest_route=%2Fwp%2Fv2%2Fmedia&parent=418"}],"curies":[{"name":"wp","href":"https:\/\/api.w.org\/{rel}","templated":true}]}}